{"id":4081,"date":"2024-07-25T12:43:50","date_gmt":"2024-07-25T12:43:50","guid":{"rendered":"http:\/\/203.109.113.155\/Elisium-Art\/contacta-con-nosotros\/"},"modified":"2025-06-20T10:17:54","modified_gmt":"2025-06-20T10:17:54","slug":"contactus","status":"publish","type":"page","link":"https:\/\/elisium.xportsoft-folio.com\/es\/contactus","title":{"rendered":"Contacta con nosotros"},"content":{"rendered":"<h2>Cont\u00e1ctanos<\/h2>\n<p>En Elisium Art, creemos que la obra de arte perfecta puede transformar cualquier espacio, ya sea tu hogar, tu oficina o un lugar especial. Nuestra misi\u00f3n es conectarte con obras de arte de alta calidad de artistas contempor\u00e1neos a\u00fan no descubiertos de todo el mundo, realzando tu entorno con piezas \u00fanicas e inspiradoras.<\/p>\n<p>Entendemos que encontrar la obra de arte perfecta puede ser abrumador. Por eso, nuestro equipo de curadores expertos est\u00e1 aqu\u00ed para ayudarte en cada paso del proceso. Ya sea que busques una pieza central impactante, un detalle sutil o una colecci\u00f3n cohesiva, trabajaremos estrechamente contigo para identificar tus necesidades y preferencias.<\/p>\n<p>\u00a1Cont\u00e1ctanos! Siempre nos entusiasma ayudarte a descubrir la obra de arte perfecta que te identifique y realce tu espacio. Puedes contactarnos completando el formulario en esta p\u00e1gina o enviando un correo electr\u00f3nico a <a href=\"mailto:support@elisium.art\">support@elisium.art<\/a>. Nuestro dedicado equipo de atenci\u00f3n al cliente est\u00e1 listo para responder cualquier pregunta y brindarte la asistencia que necesitas.<\/p>\n<p>No lo dudes, cont\u00e1ctanos hoy mismo y comienza tu viaje hacia la b\u00fasqueda de obras de arte extraordinarias que reflejen tu estilo y personalidad. En Elisium Art, tu satisfacci\u00f3n es nuestra m\u00e1xima prioridad.<\/p>\n","protected":false},"excerpt":{"rendered":"<p>Cont\u00e1ctanos En Elisium Art, creemos que la obra de arte perfecta puede transformar cualquier espacio, ya sea tu hogar, tu oficina o un lugar especial. Nuestra misi\u00f3n es conectarte con obras de arte de alta calidad de artistas contempor\u00e1neos a\u00fan no descubiertos de todo el mundo, realzando tu entorno con piezas \u00fanicas e inspiradoras. Entendemos [&hellip;]<\/p>\n","protected":false},"author":1,"featured_media":0,"parent":0,"menu_order":0,"comment_status":"closed","ping_status":"closed","template":"template\/tp-contact-us.php","meta":{"_acf_changed":false,"footnotes":""},"class_list":["post-4081","page","type-page","status-publish","hentry"],"acf":[],"yoast_head":"<!-- This site is optimized with the Yoast SEO Premium plugin v23.4 (Yoast SEO v23.6) - https:\/\/yoast.com\/wordpress\/plugins\/seo\/ -->\n<title>Contacta con nosotros | Elisium Art<\/title>\n<meta name=\"robots\" content=\"noindex, follow, max-snippet:-1, max-image-preview:large, max-video-preview:-1\" \/>\n<meta property=\"og:locale\" content=\"es_ES\" \/>\n<meta property=\"og:type\" content=\"article\" \/>\n<meta property=\"og:title\" content=\"Contacta con nosotros\" \/>\n<meta property=\"og:description\" content=\"Cont\u00e1ctanos En Elisium Art, creemos que la obra de arte perfecta puede transformar cualquier espacio, ya sea tu hogar, tu oficina o un lugar especial. Nuestra misi\u00f3n es conectarte con obras de arte de alta calidad de artistas contempor\u00e1neos a\u00fan no descubiertos de todo el mundo, realzando tu entorno con piezas \u00fanicas e inspiradoras. Entendemos [&hellip;]\" \/>\n<meta property=\"og:url\" content=\"https:\/\/elisium.xportsoft-folio.com\/es\/contactus\" \/>\n<meta property=\"og:site_name\" content=\"Elisium Art\" \/>\n<meta property=\"article:modified_time\" content=\"2025-06-20T10:17:54+00:00\" \/>\n<meta name=\"twitter:card\" content=\"summary_large_image\" \/>\n<meta name=\"twitter:label1\" content=\"Tiempo de lectura\" \/>\n\t<meta name=\"twitter:data1\" content=\"3 minutos\" \/>\n<script type=\"application\/ld+json\" class=\"yoast-schema-graph\">{\"@context\":\"https:\/\/schema.org\",\"@graph\":[{\"@type\":\"WebPage\",\"@id\":\"https:\/\/elisium.xportsoft-folio.com\/es\/contactus\",\"url\":\"https:\/\/elisium.xportsoft-folio.com\/es\/contactus\",\"name\":\"Contacta con nosotros | Elisium Art\",\"isPartOf\":{\"@id\":\"https:\/\/elisium.xportsoft-folio.com\/es#website\"},\"datePublished\":\"2024-07-25T12:43:50+00:00\",\"dateModified\":\"2025-06-20T10:17:54+00:00\",\"breadcrumb\":{\"@id\":\"https:\/\/elisium.xportsoft-folio.com\/es\/contactus#breadcrumb\"},\"inLanguage\":\"es\",\"potentialAction\":[{\"@type\":\"ReadAction\",\"target\":[\"https:\/\/elisium.xportsoft-folio.com\/es\/contactus\"]}]},{\"@type\":\"BreadcrumbList\",\"@id\":\"https:\/\/elisium.xportsoft-folio.com\/es\/contactus#breadcrumb\",\"itemListElement\":[{\"@type\":\"ListItem\",\"position\":1,\"name\":\"Home\",\"item\":\"https:\/\/elisium.xportsoft-folio.com\/es\"},{\"@type\":\"ListItem\",\"position\":2,\"name\":\"Contacta con nosotros\"}]},{\"@type\":\"WebSite\",\"@id\":\"https:\/\/elisium.xportsoft-folio.com\/es#website\",\"url\":\"https:\/\/elisium.xportsoft-folio.com\/es\",\"name\":\"Elisium Art\",\"description\":\"\",\"potentialAction\":[{\"@type\":\"SearchAction\",\"target\":{\"@type\":\"EntryPoint\",\"urlTemplate\":\"https:\/\/elisium.xportsoft-folio.com\/es?s={search_term_string}\"},\"query-input\":{\"@type\":\"PropertyValueSpecification\",\"valueRequired\":true,\"valueName\":\"search_term_string\"}}],\"inLanguage\":\"es\"}]}<\/script>\n<!-- \/ Yoast SEO Premium plugin. -->","yoast_head_json":{"title":"Contacta con nosotros | Elisium Art","robots":{"index":"noindex","follow":"follow","max-snippet":"max-snippet:-1","max-image-preview":"max-image-preview:large","max-video-preview":"max-video-preview:-1"},"og_locale":"es_ES","og_type":"article","og_title":"Contacta con nosotros","og_description":"Cont\u00e1ctanos En Elisium Art, creemos que la obra de arte perfecta puede transformar cualquier espacio, ya sea tu hogar, tu oficina o un lugar especial. Nuestra misi\u00f3n es conectarte con obras de arte de alta calidad de artistas contempor\u00e1neos a\u00fan no descubiertos de todo el mundo, realzando tu entorno con piezas \u00fanicas e inspiradoras. Entendemos [&hellip;]","og_url":"https:\/\/elisium.xportsoft-folio.com\/es\/contactus","og_site_name":"Elisium Art","article_modified_time":"2025-06-20T10:17:54+00:00","twitter_card":"summary_large_image","twitter_misc":{"Tiempo de lectura":"3 minutos"},"schema":{"@context":"https:\/\/schema.org","@graph":[{"@type":"WebPage","@id":"https:\/\/elisium.xportsoft-folio.com\/es\/contactus","url":"https:\/\/elisium.xportsoft-folio.com\/es\/contactus","name":"Contacta con nosotros | Elisium Art","isPartOf":{"@id":"https:\/\/elisium.xportsoft-folio.com\/es#website"},"datePublished":"2024-07-25T12:43:50+00:00","dateModified":"2025-06-20T10:17:54+00:00","breadcrumb":{"@id":"https:\/\/elisium.xportsoft-folio.com\/es\/contactus#breadcrumb"},"inLanguage":"es","potentialAction":[{"@type":"ReadAction","target":["https:\/\/elisium.xportsoft-folio.com\/es\/contactus"]}]},{"@type":"BreadcrumbList","@id":"https:\/\/elisium.xportsoft-folio.com\/es\/contactus#breadcrumb","itemListElement":[{"@type":"ListItem","position":1,"name":"Home","item":"https:\/\/elisium.xportsoft-folio.com\/es"},{"@type":"ListItem","position":2,"name":"Contacta con nosotros"}]},{"@type":"WebSite","@id":"https:\/\/elisium.xportsoft-folio.com\/es#website","url":"https:\/\/elisium.xportsoft-folio.com\/es","name":"Elisium Art","description":"","potentialAction":[{"@type":"SearchAction","target":{"@type":"EntryPoint","urlTemplate":"https:\/\/elisium.xportsoft-folio.com\/es?s={search_term_string}"},"query-input":{"@type":"PropertyValueSpecification","valueRequired":true,"valueName":"search_term_string"}}],"inLanguage":"es"}]}},"_links":{"self":[{"href":"https:\/\/elisium.xportsoft-folio.com\/es\/wp-json\/wp\/v2\/pages\/4081"}],"collection":[{"href":"https:\/\/elisium.xportsoft-folio.com\/es\/wp-json\/wp\/v2\/pages"}],"about":[{"href":"https:\/\/elisium.xportsoft-folio.com\/es\/wp-json\/wp\/v2\/types\/page"}],"author":[{"embeddable":true,"href":"https:\/\/elisium.xportsoft-folio.com\/es\/wp-json\/wp\/v2\/users\/1"}],"replies":[{"embeddable":true,"href":"https:\/\/elisium.xportsoft-folio.com\/es\/wp-json\/wp\/v2\/comments?post=4081"}],"version-history":[{"count":5,"href":"https:\/\/elisium.xportsoft-folio.com\/es\/wp-json\/wp\/v2\/pages\/4081\/revisions"}],"predecessor-version":[{"id":10064,"href":"https:\/\/elisium.xportsoft-folio.com\/es\/wp-json\/wp\/v2\/pages\/4081\/revisions\/10064"}],"wp:attachment":[{"href":"https:\/\/elisium.xportsoft-folio.com\/es\/wp-json\/wp\/v2\/media?parent=4081"}],"curies":[{"name":"wp","href":"https:\/\/api.w.org\/{rel}","templated":true}]}}