{"id":4104,"date":"2024-08-09T11:49:18","date_gmt":"2024-08-09T11:49:18","guid":{"rendered":"http:\/\/203.109.113.155\/Elisium-Art\/terms-of-service\/"},"modified":"2025-06-20T12:39:21","modified_gmt":"2025-06-20T12:39:21","slug":"termsofservice","status":"publish","type":"page","link":"https:\/\/elisium.xportsoft-folio.com\/es\/termsofservice","title":{"rendered":"Terms of Service"},"content":{"rendered":"<h2 align=\"justify\"><span style=\"font-family: Book Antiqua, serif;\"><span lang=\"en-IN\">T\u00c9RMINOS Y CONDICIONES DE LA PLATAFORMA \u00abELISIUM ART\u00bb<\/span><\/span><\/h2>\n<p align=\"justify\"><span style=\"font-family: Book Antiqua, serif;\"><span lang=\"en-IN\">Los siguientes son los t\u00e9rminos y condiciones aplicables a los Usuarios de la plataforma \u00abElysium Art\u00bb (en adelante, la \u00abPlataforma\u00bb) de la empresa Atomdigit Technologies Pvt Ltd (CIN U62099GJ2023PTC142002) (en adelante, la \u00abEmpresa\u00bb), identificada bajo el dominio <a href=\"https:\/\/www.elisium.art\/\">https:\/\/www.elisium.art<\/a><span style=\"font-family: Book Antiqua, serif;\"><span lang=\"en-IN\">, cuyo prop\u00f3sito es poner en contacto a compradores de obras de arte con vendedores de obras de arte, seg\u00fan se define en la cl\u00e1usula 5 de este documento. <\/span><\/span><\/span><\/span><\/p>\n<p align=\"justify\"><span style=\"font-family: Book Antiqua, serif;\"><span lang=\"en-IN\">Los t\u00e9rminos y condiciones describir\u00e1n la relaci\u00f3n contractual entre la Compa\u00f1\u00eda y los Usuarios. En ellos, explicaremos los derechos y obligaciones que los Usuarios adquieren al usar la Plataforma o cualquiera de nuestros Servicios por cualquier medio, y las normas bajo las cuales se mantendr\u00e1 dicha relaci\u00f3n.<\/span><\/span><\/p>\n<p align=\"justify\"><span style=\"font-family: Book Antiqua, serif;\"><span lang=\"en-IN\">Al registrarse como Usuario, usar nuestros Servicios y\/o aceptar expresamente estos t\u00e9rminos y condiciones electr\u00f3nicamente, los Usuarios expresan su consentimiento y aceptaci\u00f3n de los mismos. Todo lo anterior, haciendo clic o doble clic en los enlaces que la Plataforma pone a su disposici\u00f3n para tal fin.<\/span><\/span><\/p>\n<p>Asimismo, al realizar cualquiera de las actividades mencionadas, los Usuarios declaran tener la capacidad legal y las facultades necesarias para vincularse de conformidad con estos t\u00e9rminos y condiciones.<\/p>\n<p>Los Usuarios deben leer atentamente estos t\u00e9rminos y condiciones, nuestra pol\u00edtica de privacidad y tratamiento de datos personales, y cualquier otro documento al que se haga referencia en estos t\u00e9rminos y condiciones.<\/p>\n<ol>\n<li>\n<h3 align=\"justify\"><\/h3>\n<\/li>\n<\/ol>\n<p align=\"justify\"><span style=\"font-family: Book Antiqua, serif;\"><span lang=\"en-IN\">Elisium Art es una galer\u00eda de arte en l\u00ednea que conecta la demanda de Obras de Arte con la oferta de las mismas por parte de terceros ajenos a la Compa\u00f1\u00eda. De esta manera, los Compradores pueden adquirir Obras de Arte de los Vendedores con quienes se ha celebrado un contrato de compraventa, sin que la Compa\u00f1\u00eda est\u00e9 vinculada a ninguno de los extremos de la relaci\u00f3n jur\u00eddica que surge entre ellos.<\/span><\/span><\/p>\n<ol start=\"2\">\n<li>\n<h3 align=\"justify\"><span style=\"font-family: Book Antiqua, serif;\"><span lang=\"en-IN\">Definiciones<\/span><\/span><\/h3>\n<\/li>\n<\/ol>\n<ol type=\"a\">\n<li>\n<p align=\"justify\"><span style=\"font-family: Book Antiqua, serif;\"><span lang=\"en-IN\"><b>Contenido:<\/b><\/span><\/span><span style=\"font-family: Book Antiqua, serif;\"><span lang=\"en-IN\"> se refiere a todo lo que los Usuarios publican en la Plataforma, incluyendo, entre otros: descripciones de las Obras de Arte, im\u00e1genes, enlaces a otras p\u00e1ginas web, valoraciones, etc. <\/span><\/span><\/p>\n<\/li>\n<li>\n<p align=\"justify\"><span style=\"font-family: Book Antiqua, serif;\"><span lang=\"en-IN\"><b>Obras de Arte:<\/b><\/span><\/span><span style=\"font-family: Book Antiqua, serif;\"><span lang=\"en-IN\"> Son todos los productos ofrecidos en la Plataforma, que incluyen pinturas, dibujos, esculturas, fotograf\u00edas, arte digital y productos derivados de las obras o elementos decorativos. Objetos.<\/span><\/span><\/p>\n<\/li>\n<li>\n<p align=\"justify\"><span style=\"font-family: Book Antiqua, serif;\"><span lang=\"en-IN\"><b>Plataforma:<\/b><\/span><\/span><span style=\"font-family: Book Antiqua, serif;\"><span lang=\"en-IN\"> es el sitio web, la aplicaci\u00f3n o el desarrollo inform\u00e1tico, independientemente de su nombre, que ofrecer\u00e1 a los Usuarios acceso a los Servicios. El nombre de la Plataforma, su formato y funcionamiento podr\u00e1n variar seg\u00fan lo considere oportuno la Empresa. <\/span><\/span><\/p>\n<\/li>\n<li>\n<p align=\"justify\"><span style=\"font-family: Book Antiqua, serif;\"><span lang=\"en-IN\"><b>Servicios:<\/b><\/span><\/span><span style=\"font-family: Book Antiqua, serif;\"><span lang=\"en-IN\"> son los Servicios definidos en la cl\u00e1usula 5 de estos t\u00e9rminos y condiciones, que consisten en un Mercado de Obras de Arte. <\/span><\/span><\/p>\n<\/li>\n<li>\n<p align=\"justify\"><span style=\"font-family: Book Antiqua, serif;\"><span lang=\"en-IN\"><b>Usuarios:<\/b><\/span><\/span><span style=\"font-family: Book Antiqua, serif;\"><span lang=\"en-IN\"> Se clasifican de la siguiente manera: <\/span><\/span><\/p>\n<ol type=\"i\">\n<li>\n<p align=\"justify\"><span style=\"font-family: Book Antiqua, serif;\"><span lang=\"en-IN\"><b>Comprador(es):<\/b><\/span><\/span><span style=\"font-family: Book Antiqua, serif;\"><span lang=\"en-IN\"> Aquellos sujetos que realicen una compra de cualquier Obra de Arte, ya sea para su propio uso o para un tercero. Los compradores pueden ser natura<\/span><\/span><\/p>\n<\/li>\n<\/ol>\n<\/li>\n<\/ol>\n","protected":false},"excerpt":{"rendered":"<p>T\u00c9RMINOS Y CONDICIONES DE LA PLATAFORMA \u00abELISIUM ART\u00bb Los siguientes son los t\u00e9rminos y condiciones aplicables a los Usuarios de la plataforma \u00abElysium Art\u00bb (en adelante, la \u00abPlataforma\u00bb) de la empresa Atomdigit Technologies Pvt Ltd (CIN U62099GJ2023PTC142002) (en adelante, la \u00abEmpresa\u00bb), identificada bajo el dominio https:\/\/www.elisium.art, cuyo prop\u00f3sito es poner en contacto a compradores de [&hellip;]<\/p>\n","protected":false},"author":1,"featured_media":0,"parent":0,"menu_order":0,"comment_status":"closed","ping_status":"closed","template":"template\/tp-policy-page.php","meta":{"_acf_changed":false,"footnotes":""},"class_list":["post-4104","page","type-page","status-publish","hentry"],"acf":[],"yoast_head":"<!-- This site is optimized with the Yoast SEO Premium plugin v23.4 (Yoast SEO v23.6) - https:\/\/yoast.com\/wordpress\/plugins\/seo\/ -->\n<title>Terms of Service | Elisium Art<\/title>\n<meta name=\"robots\" content=\"noindex, follow, max-snippet:-1, max-image-preview:large, max-video-preview:-1\" \/>\n<meta property=\"og:locale\" content=\"es_ES\" \/>\n<meta property=\"og:type\" content=\"article\" \/>\n<meta property=\"og:title\" content=\"Terms of Service\" \/>\n<meta property=\"og:description\" content=\"T\u00c9RMINOS Y CONDICIONES DE LA PLATAFORMA \u00abELISIUM ART\u00bb Los siguientes son los t\u00e9rminos y condiciones aplicables a los Usuarios de la plataforma \u00abElysium Art\u00bb (en adelante, la \u00abPlataforma\u00bb) de la empresa Atomdigit Technologies Pvt Ltd (CIN U62099GJ2023PTC142002) (en adelante, la \u00abEmpresa\u00bb), identificada bajo el dominio https:\/\/www.elisium.art, cuyo prop\u00f3sito es poner en contacto a compradores de [&hellip;]\" \/>\n<meta property=\"og:url\" content=\"https:\/\/elisium.xportsoft-folio.com\/es\/termsofservice\" \/>\n<meta property=\"og:site_name\" content=\"Elisium Art\" \/>\n<meta property=\"article:modified_time\" content=\"2025-06-20T12:39:21+00:00\" \/>\n<meta name=\"twitter:card\" content=\"summary_large_image\" \/>\n<meta name=\"twitter:label1\" content=\"Tiempo de lectura\" \/>\n\t<meta name=\"twitter:data1\" content=\"3 minutos\" \/>\n<script type=\"application\/ld+json\" class=\"yoast-schema-graph\">{\"@context\":\"https:\/\/schema.org\",\"@graph\":[{\"@type\":\"WebPage\",\"@id\":\"https:\/\/elisium.xportsoft-folio.com\/es\/termsofservice\",\"url\":\"https:\/\/elisium.xportsoft-folio.com\/es\/termsofservice\",\"name\":\"Terms of Service | Elisium Art\",\"isPartOf\":{\"@id\":\"https:\/\/elisium.xportsoft-folio.com\/es#website\"},\"datePublished\":\"2024-08-09T11:49:18+00:00\",\"dateModified\":\"2025-06-20T12:39:21+00:00\",\"breadcrumb\":{\"@id\":\"https:\/\/elisium.xportsoft-folio.com\/es\/termsofservice#breadcrumb\"},\"inLanguage\":\"es\",\"potentialAction\":[{\"@type\":\"ReadAction\",\"target\":[\"https:\/\/elisium.xportsoft-folio.com\/es\/termsofservice\"]}]},{\"@type\":\"BreadcrumbList\",\"@id\":\"https:\/\/elisium.xportsoft-folio.com\/es\/termsofservice#breadcrumb\",\"itemListElement\":[{\"@type\":\"ListItem\",\"position\":1,\"name\":\"Home\",\"item\":\"https:\/\/elisium.xportsoft-folio.com\/es\"},{\"@type\":\"ListItem\",\"position\":2,\"name\":\"Terms of Service\"}]},{\"@type\":\"WebSite\",\"@id\":\"https:\/\/elisium.xportsoft-folio.com\/es#website\",\"url\":\"https:\/\/elisium.xportsoft-folio.com\/es\",\"name\":\"Elisium Art\",\"description\":\"\",\"potentialAction\":[{\"@type\":\"SearchAction\",\"target\":{\"@type\":\"EntryPoint\",\"urlTemplate\":\"https:\/\/elisium.xportsoft-folio.com\/es?s={search_term_string}\"},\"query-input\":{\"@type\":\"PropertyValueSpecification\",\"valueRequired\":true,\"valueName\":\"search_term_string\"}}],\"inLanguage\":\"es\"}]}<\/script>\n<!-- \/ Yoast SEO Premium plugin. -->","yoast_head_json":{"title":"Terms of Service | Elisium Art","robots":{"index":"noindex","follow":"follow","max-snippet":"max-snippet:-1","max-image-preview":"max-image-preview:large","max-video-preview":"max-video-preview:-1"},"og_locale":"es_ES","og_type":"article","og_title":"Terms of Service","og_description":"T\u00c9RMINOS Y CONDICIONES DE LA PLATAFORMA \u00abELISIUM ART\u00bb Los siguientes son los t\u00e9rminos y condiciones aplicables a los Usuarios de la plataforma \u00abElysium Art\u00bb (en adelante, la \u00abPlataforma\u00bb) de la empresa Atomdigit Technologies Pvt Ltd (CIN U62099GJ2023PTC142002) (en adelante, la \u00abEmpresa\u00bb), identificada bajo el dominio https:\/\/www.elisium.art, cuyo prop\u00f3sito es poner en contacto a compradores de [&hellip;]","og_url":"https:\/\/elisium.xportsoft-folio.com\/es\/termsofservice","og_site_name":"Elisium Art","article_modified_time":"2025-06-20T12:39:21+00:00","twitter_card":"summary_large_image","twitter_misc":{"Tiempo de lectura":"3 minutos"},"schema":{"@context":"https:\/\/schema.org","@graph":[{"@type":"WebPage","@id":"https:\/\/elisium.xportsoft-folio.com\/es\/termsofservice","url":"https:\/\/elisium.xportsoft-folio.com\/es\/termsofservice","name":"Terms of Service | Elisium Art","isPartOf":{"@id":"https:\/\/elisium.xportsoft-folio.com\/es#website"},"datePublished":"2024-08-09T11:49:18+00:00","dateModified":"2025-06-20T12:39:21+00:00","breadcrumb":{"@id":"https:\/\/elisium.xportsoft-folio.com\/es\/termsofservice#breadcrumb"},"inLanguage":"es","potentialAction":[{"@type":"ReadAction","target":["https:\/\/elisium.xportsoft-folio.com\/es\/termsofservice"]}]},{"@type":"BreadcrumbList","@id":"https:\/\/elisium.xportsoft-folio.com\/es\/termsofservice#breadcrumb","itemListElement":[{"@type":"ListItem","position":1,"name":"Home","item":"https:\/\/elisium.xportsoft-folio.com\/es"},{"@type":"ListItem","position":2,"name":"Terms of Service"}]},{"@type":"WebSite","@id":"https:\/\/elisium.xportsoft-folio.com\/es#website","url":"https:\/\/elisium.xportsoft-folio.com\/es","name":"Elisium Art","description":"","potentialAction":[{"@type":"SearchAction","target":{"@type":"EntryPoint","urlTemplate":"https:\/\/elisium.xportsoft-folio.com\/es?s={search_term_string}"},"query-input":{"@type":"PropertyValueSpecification","valueRequired":true,"valueName":"search_term_string"}}],"inLanguage":"es"}]}},"_links":{"self":[{"href":"https:\/\/elisium.xportsoft-folio.com\/es\/wp-json\/wp\/v2\/pages\/4104"}],"collection":[{"href":"https:\/\/elisium.xportsoft-folio.com\/es\/wp-json\/wp\/v2\/pages"}],"about":[{"href":"https:\/\/elisium.xportsoft-folio.com\/es\/wp-json\/wp\/v2\/types\/page"}],"author":[{"embeddable":true,"href":"https:\/\/elisium.xportsoft-folio.com\/es\/wp-json\/wp\/v2\/users\/1"}],"replies":[{"embeddable":true,"href":"https:\/\/elisium.xportsoft-folio.com\/es\/wp-json\/wp\/v2\/comments?post=4104"}],"version-history":[{"count":3,"href":"https:\/\/elisium.xportsoft-folio.com\/es\/wp-json\/wp\/v2\/pages\/4104\/revisions"}],"predecessor-version":[{"id":9906,"href":"https:\/\/elisium.xportsoft-folio.com\/es\/wp-json\/wp\/v2\/pages\/4104\/revisions\/9906"}],"wp:attachment":[{"href":"https:\/\/elisium.xportsoft-folio.com\/es\/wp-json\/wp\/v2\/media?parent=4104"}],"curies":[{"name":"wp","href":"https:\/\/api.w.org\/{rel}","templated":true}]}}